{"id":1432,"date":"2024-05-14T19:52:21","date_gmt":"2024-05-14T18:52:21","guid":{"rendered":"http:\/\/www.restoscolairecollexbossy.ch\/?page_id=1432"},"modified":"2024-05-14T19:57:26","modified_gmt":"2024-05-14T18:57:26","slug":"liste-participants-assemblee-generale-2024","status":"publish","type":"page","link":"http:\/\/www.restoscolairecollexbossy.ch\/?page_id=1432","title":{"rendered":"Liste participants Assembl\u00e9e g\u00e9n\u00e9rale 2024"},"content":{"rendered":"\n<p><a href=\"http:\/\/www.restoscolairecollexbossy.ch\/wp-content\/uploads\/2024\/05\/Liste-participants-AG-ARSCB-2024.pdf\">Liste<\/a><\/p>\n","protected":false},"excerpt":{"rendered":"<p>Liste<\/p>\n","protected":false},"author":4,"featured_media":0,"parent":0,"menu_order":0,"comment_status":"closed","ping_status":"closed","template":"","meta":{"_acf_changed":false,"footnotes":""},"class_list":["post-1432","page","type-page","status-publish","hentry"],"acf":[],"_links":{"self":[{"href":"http:\/\/www.restoscolairecollexbossy.ch\/index.php?rest_route=\/wp\/v2\/pages\/1432","targetHints":{"allow":["GET"]}}],"collection":[{"href":"http:\/\/www.restoscolairecollexbossy.ch\/index.php?rest_route=\/wp\/v2\/pages"}],"about":[{"href":"http:\/\/www.restoscolairecollexbossy.ch\/index.php?rest_route=\/wp\/v2\/types\/page"}],"author":[{"embeddable":true,"href":"http:\/\/www.restoscolairecollexbossy.ch\/index.php?rest_route=\/wp\/v2\/users\/4"}],"replies":[{"embeddable":true,"href":"http:\/\/www.restoscolairecollexbossy.ch\/index.php?rest_route=%2Fwp%2Fv2%2Fcomments&post=1432"}],"version-history":[{"count":3,"href":"http:\/\/www.restoscolairecollexbossy.ch\/index.php?rest_route=\/wp\/v2\/pages\/1432\/revisions"}],"predecessor-version":[{"id":1439,"href":"http:\/\/www.restoscolairecollexbossy.ch\/index.php?rest_route=\/wp\/v2\/pages\/1432\/revisions\/1439"}],"wp:attachment":[{"href":"http:\/\/www.restoscolairecollexbossy.ch\/index.php?rest_route=%2Fwp%2Fv2%2Fmedia&parent=1432"}],"curies":[{"name":"wp","href":"https:\/\/api.w.org\/{rel}","templated":true}]}}