{"id":56,"date":"2018-05-17T19:35:39","date_gmt":"2018-05-17T18:35:39","guid":{"rendered":"http:\/\/www.restoscolairecollexbossy.ch\/wordpress\/?page_id=56"},"modified":"2023-05-15T08:06:04","modified_gmt":"2023-05-15T07:06:04","slug":"contact","status":"publish","type":"page","link":"http:\/\/www.restoscolairecollexbossy.ch\/?page_id=56","title":{"rendered":"Contacts"},"content":{"rendered":"<p>Notre comit\u00e9 se fera un plaisir de vous r\u00e9pondre dans les plus brefs d\u00e9lais<\/p>\n<p><strong>contact@restoscolairecollexbossy.ch<\/strong><\/p>\n<p>\u00a0<\/p>\n\n\n<p><\/p>\n","protected":false},"excerpt":{"rendered":"<p>Notre comit\u00e9 se fera un plaisir de vous r\u00e9pondre dans les plus brefs d\u00e9lais contact@restoscolairecollexbossy.ch \u00a0<\/p>\n","protected":false},"author":1,"featured_media":0,"parent":0,"menu_order":0,"comment_status":"closed","ping_status":"closed","template":"","meta":{"_acf_changed":false,"footnotes":""},"class_list":["post-56","page","type-page","status-publish","hentry"],"acf":[],"_links":{"self":[{"href":"http:\/\/www.restoscolairecollexbossy.ch\/index.php?rest_route=\/wp\/v2\/pages\/56","targetHints":{"allow":["GET"]}}],"collection":[{"href":"http:\/\/www.restoscolairecollexbossy.ch\/index.php?rest_route=\/wp\/v2\/pages"}],"about":[{"href":"http:\/\/www.restoscolairecollexbossy.ch\/index.php?rest_route=\/wp\/v2\/types\/page"}],"author":[{"embeddable":true,"href":"http:\/\/www.restoscolairecollexbossy.ch\/index.php?rest_route=\/wp\/v2\/users\/1"}],"replies":[{"embeddable":true,"href":"http:\/\/www.restoscolairecollexbossy.ch\/index.php?rest_route=%2Fwp%2Fv2%2Fcomments&post=56"}],"version-history":[{"count":11,"href":"http:\/\/www.restoscolairecollexbossy.ch\/index.php?rest_route=\/wp\/v2\/pages\/56\/revisions"}],"predecessor-version":[{"id":1255,"href":"http:\/\/www.restoscolairecollexbossy.ch\/index.php?rest_route=\/wp\/v2\/pages\/56\/revisions\/1255"}],"wp:attachment":[{"href":"http:\/\/www.restoscolairecollexbossy.ch\/index.php?rest_route=%2Fwp%2Fv2%2Fmedia&parent=56"}],"curies":[{"name":"wp","href":"https:\/\/api.w.org\/{rel}","templated":true}]}}