{"id":844,"date":"2021-03-31T17:50:35","date_gmt":"2021-03-31T16:50:35","guid":{"rendered":"http:\/\/www.restoscolairecollexbossy.ch\/?page_id=844"},"modified":"2025-06-23T20:02:12","modified_gmt":"2025-06-23T19:02:12","slug":"convocation-assemblee-generale-et-process-verbal-2020","status":"publish","type":"page","link":"http:\/\/www.restoscolairecollexbossy.ch\/?page_id=844","title":{"rendered":"Proc\u00e8s-verbal Assembl\u00e9e g\u00e9n\u00e9rale 2025"},"content":{"rendered":"\n<p><a href=\"http:\/\/www.restoscolairecollexbossy.ch\/wp-content\/uploads\/2025\/06\/PV-AG-ARSCB-avril-2025.pdf\">Proc\u00e8s-verbal<\/a><\/p>\n\n\n\n<p><\/p>\n\n\n\n<p><\/p>\n","protected":false},"excerpt":{"rendered":"<p>Proc\u00e8s-verbal<\/p>\n","protected":false},"author":4,"featured_media":0,"parent":0,"menu_order":0,"comment_status":"closed","ping_status":"closed","template":"","meta":{"_acf_changed":false,"footnotes":""},"class_list":["post-844","page","type-page","status-publish","hentry"],"acf":[],"_links":{"self":[{"href":"http:\/\/www.restoscolairecollexbossy.ch\/index.php?rest_route=\/wp\/v2\/pages\/844","targetHints":{"allow":["GET"]}}],"collection":[{"href":"http:\/\/www.restoscolairecollexbossy.ch\/index.php?rest_route=\/wp\/v2\/pages"}],"about":[{"href":"http:\/\/www.restoscolairecollexbossy.ch\/index.php?rest_route=\/wp\/v2\/types\/page"}],"author":[{"embeddable":true,"href":"http:\/\/www.restoscolairecollexbossy.ch\/index.php?rest_route=\/wp\/v2\/users\/4"}],"replies":[{"embeddable":true,"href":"http:\/\/www.restoscolairecollexbossy.ch\/index.php?rest_route=%2Fwp%2Fv2%2Fcomments&post=844"}],"version-history":[{"count":34,"href":"http:\/\/www.restoscolairecollexbossy.ch\/index.php?rest_route=\/wp\/v2\/pages\/844\/revisions"}],"predecessor-version":[{"id":1608,"href":"http:\/\/www.restoscolairecollexbossy.ch\/index.php?rest_route=\/wp\/v2\/pages\/844\/revisions\/1608"}],"wp:attachment":[{"href":"http:\/\/www.restoscolairecollexbossy.ch\/index.php?rest_route=%2Fwp%2Fv2%2Fmedia&parent=844"}],"curies":[{"name":"wp","href":"https:\/\/api.w.org\/{rel}","templated":true}]}}